{"id":10,"date":"2024-01-22T16:43:08","date_gmt":"2024-01-22T19:43:08","guid":{"rendered":"https:\/\/alcmedicamentos.com.br\/?page_id=10"},"modified":"2024-02-14T16:53:08","modified_gmt":"2024-02-14T19:53:08","slug":"inicio","status":"publish","type":"page","link":"https:\/\/alcmedicamentos.com.br\/","title":{"rendered":"In\u00edcio"},"content":{"rendered":"\t\t<div data-elementor-type=\"wp-page\" data-elementor-id=\"10\" class=\"elementor elementor-10\" data-elementor-post-type=\"page\">\n\t\t\t\t<div class=\"elementor-element elementor-element-cd0508c e-con-full e-flex e-con e-parent\" data-id=\"cd0508c\" data-element_type=\"container\" data-e-type=\"container\">\n\t\t\t\t<div class=\"elementor-element elementor-element-af6a4f1 elementor--h-position-center elementor--v-position-middle elementor-arrows-position-inside elementor-pagination-position-inside elementor-widget elementor-widget-slides\" data-id=\"af6a4f1\" data-element_type=\"widget\" data-e-type=\"widget\" data-settings=\"{&quot;navigation&quot;:&quot;both&quot;,&quot;autoplay&quot;:&quot;yes&quot;,&quot;pause_on_hover&quot;:&quot;yes&quot;,&quot;pause_on_interaction&quot;:&quot;yes&quot;,&quot;autoplay_speed&quot;:5000,&quot;infinite&quot;:&quot;yes&quot;,&quot;transition&quot;:&quot;slide&quot;,&quot;transition_speed&quot;:500}\" data-widget_type=\"slides.default\">\n\t\t\t\t<div class=\"elementor-widget-container\">\n\t\t\t\t\t\t\t<div class=\"elementor-swiper\">\n\t\t\t<div class=\"elementor-slides-wrapper elementor-main-swiper swiper-container\" dir=\"ltr\" data-animation=\"fadeInUp\">\n\t\t\t\t<div class=\"swiper-wrapper elementor-slides\">\n\t\t\t\t\t\t\t\t\t\t<div class=\"elementor-repeater-item-26fa6cc swiper-slide\"><div class=\"swiper-slide-bg\" role=\"img\"><\/div><div class=\"swiper-slide-inner\" ><div class=\"swiper-slide-contents\"><div class=\"elementor-slide-heading\">Sua Fonte Confi\u00e1vel de Sa\u00fade<\/div><div class=\"elementor-slide-description\">Estamos Comprometidos em Oferecer Solu\u00e7\u00f5es de Sa\u00fade Confi\u00e1veis em Goi\u00e1s e Tocantins<\/div><a href=\"https:\/\/alcmedicamentos.com.br\/index.php\/sobre\/\" class=\"elementor-button elementor-slide-button elementor-size-sm\">Fale Conosco<\/a><\/div><\/div><\/div>\t\t\t\t<\/div>\n\t\t\t\t\t\t\t<\/div>\n\t\t<\/div>\n\t\t\t\t\t\t<\/div>\n\t\t\t\t<\/div>\n\t\t\t\t<\/div>\n\t\t<div class=\"elementor-element elementor-element-46fe337 e-flex e-con-boxed e-con e-parent\" data-id=\"46fe337\" data-element_type=\"container\" data-e-type=\"container\">\n\t\t\t\t\t<div class=\"e-con-inner\">\n\t\t\t\t<div class=\"elementor-element elementor-element-957ae4f elementor-widget elementor-widget-heading\" data-id=\"957ae4f\" data-element_type=\"widget\" data-e-type=\"widget\" data-widget_type=\"heading.default\">\n\t\t\t\t<div class=\"elementor-widget-container\">\n\t\t\t\t\t<h2 class=\"elementor-heading-title elementor-size-default\">A ALC Medicamentos<\/h2>\t\t\t\t<\/div>\n\t\t\t\t<\/div>\n\t\t\t\t<div class=\"elementor-element elementor-element-3c611b4 elementor-widget elementor-widget-text-editor\" data-id=\"3c611b4\" data-element_type=\"widget\" data-e-type=\"widget\" data-widget_type=\"text-editor.default\">\n\t\t\t\t<div class=\"elementor-widget-container\">\n\t\t\t\t\t\t\t\t\t<p>Com mais de 6 anos de experi\u00eancia no mercado, estamos comprometidos em oferecer produtos de qualidade e servi\u00e7os excepcionais para atender \u00e0s necessidades de nossos clientes. Explore nosso site para descobrir como podemos ajud\u00e1-lo a cuidar da sua sa\u00fade com confian\u00e7a e tranquilidade.<\/p>\t\t\t\t\t\t\t\t<\/div>\n\t\t\t\t<\/div>\n\t\t\t\t\t<\/div>\n\t\t\t\t<\/div>\n\t\t<div class=\"elementor-element elementor-element-0e1be11 e-con-full e-flex e-con e-parent\" data-id=\"0e1be11\" data-element_type=\"container\" data-e-type=\"container\" data-settings=\"{&quot;background_background&quot;:&quot;classic&quot;}\">\n\t\t\t\t<\/div>\n\t\t<div class=\"elementor-element elementor-element-6daf5f5 e-flex e-con-boxed e-con e-parent\" data-id=\"6daf5f5\" data-element_type=\"container\" data-e-type=\"container\">\n\t\t\t\t\t<div class=\"e-con-inner\">\n\t\t<div class=\"elementor-element elementor-element-2fd2c44 e-con-full e-flex elementor-invisible e-con e-child\" data-id=\"2fd2c44\" data-element_type=\"container\" data-e-type=\"container\" data-settings=\"{&quot;background_background&quot;:&quot;classic&quot;,&quot;animation&quot;:&quot;fadeInUp&quot;}\">\n\t\t\t\t<div class=\"elementor-element elementor-element-96aa7b1 elementor-widget elementor-widget-heading\" data-id=\"96aa7b1\" data-element_type=\"widget\" data-e-type=\"widget\" data-widget_type=\"heading.default\">\n\t\t\t\t<div class=\"elementor-widget-container\">\n\t\t\t\t\t<h2 class=\"elementor-heading-title elementor-size-default\">Parceiros<\/h2>\t\t\t\t<\/div>\n\t\t\t\t<\/div>\n\t\t\t\t<div class=\"elementor-element elementor-element-7b94328 elementor-widget elementor-widget-heading\" data-id=\"7b94328\" data-element_type=\"widget\" data-e-type=\"widget\" data-widget_type=\"heading.default\">\n\t\t\t\t<div class=\"elementor-widget-container\">\n\t\t\t\t\t<h2 class=\"elementor-heading-title elementor-size-default\">Cada parceiro tem seu cuidado especial<\/h2>\t\t\t\t<\/div>\n\t\t\t\t<\/div>\n\t\t\t\t<div class=\"elementor-element elementor-element-4f93ca4 elementor-widget elementor-widget-text-editor\" data-id=\"4f93ca4\" data-element_type=\"widget\" data-e-type=\"widget\" data-widget_type=\"text-editor.default\">\n\t\t\t\t<div class=\"elementor-widget-container\">\n\t\t\t\t\t\t\t\t\t<p>Cada pessoa tem necessidades de sa\u00fade \u00fanicas, por isso \u00e9 importante parcerias que atendam suas necessidades espec\u00edficas<\/p>\t\t\t\t\t\t\t\t<\/div>\n\t\t\t\t<\/div>\n\t\t\t\t<div class=\"elementor-element elementor-element-010c4b9 elementor-widget elementor-widget-button\" data-id=\"010c4b9\" data-element_type=\"widget\" data-e-type=\"widget\" data-widget_type=\"button.default\">\n\t\t\t\t<div class=\"elementor-widget-container\">\n\t\t\t\t\t\t\t\t\t<div class=\"elementor-button-wrapper\">\n\t\t\t\t\t<a class=\"elementor-button elementor-button-link elementor-size-sm elementor-animation-grow\" href=\"https:\/\/alcmedicamentos.com.br\/index.php\/produtos\/\">\n\t\t\t\t\t\t<span class=\"elementor-button-content-wrapper\">\n\t\t\t\t\t\t\t\t\t<span class=\"elementor-button-text\">Nossos Produtos<\/span>\n\t\t\t\t\t<\/span>\n\t\t\t\t\t<\/a>\n\t\t\t\t<\/div>\n\t\t\t\t\t\t\t\t<\/div>\n\t\t\t\t<\/div>\n\t\t\t\t<\/div>\n\t\t<div class=\"elementor-element elementor-element-aabd7ba e-con-full e-flex elementor-invisible e-con e-child\" data-id=\"aabd7ba\" data-element_type=\"container\" data-e-type=\"container\" data-settings=\"{&quot;background_background&quot;:&quot;classic&quot;,&quot;animation&quot;:&quot;fadeInUp&quot;}\">\n\t\t\t\t<div class=\"elementor-element elementor-element-4e9397a elementor-widget elementor-widget-image-gallery\" data-id=\"4e9397a\" data-element_type=\"widget\" data-e-type=\"widget\" data-widget_type=\"image-gallery.default\">\n\t\t\t\t<div class=\"elementor-widget-container\">\n\t\t\t\t\t\t\t<div class=\"elementor-image-gallery\">\n\t\t\t<div id='gallery-1' class='gallery galleryid-10 gallery-columns-5 gallery-size-thumbnail'><figure class='gallery-item'>\n\t\t\t<div class='gallery-icon landscape'>\n\t\t\t\t<a data-elementor-open-lightbox=\"yes\" data-elementor-lightbox-slideshow=\"4e9397a\" data-elementor-lightbox-title=\"GTECH\" data-e-action-hash=\"#elementor-action%3Aaction%3Dlightbox%26settings%3DeyJpZCI6ODUsInVybCI6Imh0dHBzOlwvXC9hbGNtZWRpY2FtZW50b3MuY29tLmJyXC93cC1jb250ZW50XC91cGxvYWRzXC8yMDI0XC8wMlwvR1RFQ0guanBnIiwic2xpZGVzaG93IjoiNGU5Mzk3YSJ9\" href='https:\/\/alcmedicamentos.com.br\/wp-content\/uploads\/2024\/02\/GTECH.jpg'><img decoding=\"async\" width=\"150\" height=\"150\" src=\"https:\/\/alcmedicamentos.com.br\/wp-content\/uploads\/2024\/02\/GTECH.jpg\" class=\"attachment-thumbnail size-thumbnail\" alt=\"\" \/><\/a>\n\t\t\t<\/div><\/figure><figure class='gallery-item'>\n\t\t\t<div class='gallery-icon landscape'>\n\t\t\t\t<a data-elementor-open-lightbox=\"yes\" data-elementor-lightbox-slideshow=\"4e9397a\" data-elementor-lightbox-title=\"cremer\" data-e-action-hash=\"#elementor-action%3Aaction%3Dlightbox%26settings%3DeyJpZCI6ODIsInVybCI6Imh0dHBzOlwvXC9hbGNtZWRpY2FtZW50b3MuY29tLmJyXC93cC1jb250ZW50XC91cGxvYWRzXC8yMDI0XC8wMlwvY3JlbWVyLmpwZyIsInNsaWRlc2hvdyI6IjRlOTM5N2EifQ%3D%3D\" href='https:\/\/alcmedicamentos.com.br\/wp-content\/uploads\/2024\/02\/cremer.jpg'><img decoding=\"async\" width=\"150\" height=\"150\" src=\"https:\/\/alcmedicamentos.com.br\/wp-content\/uploads\/2024\/02\/cremer.jpg\" class=\"attachment-thumbnail size-thumbnail\" alt=\"\" \/><\/a>\n\t\t\t<\/div><\/figure><figure class='gallery-item'>\n\t\t\t<div class='gallery-icon landscape'>\n\t\t\t\t<a data-elementor-open-lightbox=\"yes\" data-elementor-lightbox-slideshow=\"4e9397a\" data-elementor-lightbox-title=\"sanfarma\" data-e-action-hash=\"#elementor-action%3Aaction%3Dlightbox%26settings%3DeyJpZCI6ODksInVybCI6Imh0dHBzOlwvXC9hbGNtZWRpY2FtZW50b3MuY29tLmJyXC93cC1jb250ZW50XC91cGxvYWRzXC8yMDI0XC8wMlwvc2FuZmFybWEuanBnIiwic2xpZGVzaG93IjoiNGU5Mzk3YSJ9\" href='https:\/\/alcmedicamentos.com.br\/wp-content\/uploads\/2024\/02\/sanfarma.jpg'><img decoding=\"async\" width=\"150\" height=\"150\" src=\"https:\/\/alcmedicamentos.com.br\/wp-content\/uploads\/2024\/02\/sanfarma.jpg\" class=\"attachment-thumbnail size-thumbnail\" alt=\"\" \/><\/a>\n\t\t\t<\/div><\/figure><figure class='gallery-item'>\n\t\t\t<div class='gallery-icon landscape'>\n\t\t\t\t<a data-elementor-open-lightbox=\"yes\" data-elementor-lightbox-slideshow=\"4e9397a\" data-elementor-lightbox-title=\"farmax\" data-e-action-hash=\"#elementor-action%3Aaction%3Dlightbox%26settings%3DeyJpZCI6ODQsInVybCI6Imh0dHBzOlwvXC9hbGNtZWRpY2FtZW50b3MuY29tLmJyXC93cC1jb250ZW50XC91cGxvYWRzXC8yMDI0XC8wMlwvZmFybWF4LmpwZyIsInNsaWRlc2hvdyI6IjRlOTM5N2EifQ%3D%3D\" href='https:\/\/alcmedicamentos.com.br\/wp-content\/uploads\/2024\/02\/farmax.jpg'><img loading=\"lazy\" decoding=\"async\" width=\"150\" height=\"150\" src=\"https:\/\/alcmedicamentos.com.br\/wp-content\/uploads\/2024\/02\/farmax.jpg\" class=\"attachment-thumbnail size-thumbnail\" alt=\"\" \/><\/a>\n\t\t\t<\/div><\/figure><figure class='gallery-item'>\n\t\t\t<div class='gallery-icon landscape'>\n\t\t\t\t<a data-elementor-open-lightbox=\"yes\" data-elementor-lightbox-slideshow=\"4e9397a\" data-elementor-lightbox-title=\"icotherm\" data-e-action-hash=\"#elementor-action%3Aaction%3Dlightbox%26settings%3DeyJpZCI6ODYsInVybCI6Imh0dHBzOlwvXC9hbGNtZWRpY2FtZW50b3MuY29tLmJyXC93cC1jb250ZW50XC91cGxvYWRzXC8yMDI0XC8wMlwvaWNvdGhlcm0uanBnIiwic2xpZGVzaG93IjoiNGU5Mzk3YSJ9\" href='https:\/\/alcmedicamentos.com.br\/wp-content\/uploads\/2024\/02\/icotherm.jpg'><img loading=\"lazy\" decoding=\"async\" width=\"150\" height=\"150\" src=\"https:\/\/alcmedicamentos.com.br\/wp-content\/uploads\/2024\/02\/icotherm.jpg\" class=\"attachment-thumbnail size-thumbnail\" alt=\"\" \/><\/a>\n\t\t\t<\/div><\/figure><figure class='gallery-item'>\n\t\t\t<div class='gallery-icon landscape'>\n\t\t\t\t<a data-elementor-open-lightbox=\"yes\" data-elementor-lightbox-slideshow=\"4e9397a\" data-elementor-lightbox-title=\"mercur\" data-e-action-hash=\"#elementor-action%3Aaction%3Dlightbox%26settings%3DeyJpZCI6ODgsInVybCI6Imh0dHBzOlwvXC9hbGNtZWRpY2FtZW50b3MuY29tLmJyXC93cC1jb250ZW50XC91cGxvYWRzXC8yMDI0XC8wMlwvbWVyY3VyLmpwZyIsInNsaWRlc2hvdyI6IjRlOTM5N2EifQ%3D%3D\" href='https:\/\/alcmedicamentos.com.br\/wp-content\/uploads\/2024\/02\/mercur.jpg'><img loading=\"lazy\" decoding=\"async\" width=\"150\" height=\"150\" src=\"https:\/\/alcmedicamentos.com.br\/wp-content\/uploads\/2024\/02\/mercur.jpg\" class=\"attachment-thumbnail size-thumbnail\" alt=\"\" \/><\/a>\n\t\t\t<\/div><\/figure><figure class='gallery-item'>\n\t\t\t<div class='gallery-icon landscape'>\n\t\t\t\t<a data-elementor-open-lightbox=\"yes\" data-elementor-lightbox-slideshow=\"4e9397a\" data-elementor-lightbox-title=\"medix\" data-e-action-hash=\"#elementor-action%3Aaction%3Dlightbox%26settings%3DeyJpZCI6ODcsInVybCI6Imh0dHBzOlwvXC9hbGNtZWRpY2FtZW50b3MuY29tLmJyXC93cC1jb250ZW50XC91cGxvYWRzXC8yMDI0XC8wMlwvbWVkaXguanBnIiwic2xpZGVzaG93IjoiNGU5Mzk3YSJ9\" href='https:\/\/alcmedicamentos.com.br\/wp-content\/uploads\/2024\/02\/medix.jpg'><img loading=\"lazy\" decoding=\"async\" width=\"150\" height=\"150\" src=\"https:\/\/alcmedicamentos.com.br\/wp-content\/uploads\/2024\/02\/medix.jpg\" class=\"attachment-thumbnail size-thumbnail\" alt=\"\" \/><\/a>\n\t\t\t<\/div><\/figure><figure class='gallery-item'>\n\t\t\t<div class='gallery-icon landscape'>\n\t\t\t\t<a data-elementor-open-lightbox=\"yes\" data-elementor-lightbox-slideshow=\"4e9397a\" data-elementor-lightbox-title=\"Apis\u00a0Flora\" data-e-action-hash=\"#elementor-action%3Aaction%3Dlightbox%26settings%3DeyJpZCI6ODAsInVybCI6Imh0dHBzOlwvXC9hbGNtZWRpY2FtZW50b3MuY29tLmJyXC93cC1jb250ZW50XC91cGxvYWRzXC8yMDI0XC8wMlwvQXBpcy1GbG9yYS5qcGciLCJzbGlkZXNob3ciOiI0ZTkzOTdhIn0%3D\" href='https:\/\/alcmedicamentos.com.br\/wp-content\/uploads\/2024\/02\/Apis-Flora.jpg'><img loading=\"lazy\" decoding=\"async\" width=\"150\" height=\"150\" src=\"https:\/\/alcmedicamentos.com.br\/wp-content\/uploads\/2024\/02\/Apis-Flora.jpg\" class=\"attachment-thumbnail size-thumbnail\" alt=\"\" \/><\/a>\n\t\t\t<\/div><\/figure><figure class='gallery-item'>\n\t\t\t<div class='gallery-icon landscape'>\n\t\t\t\t<a data-elementor-open-lightbox=\"yes\" data-elementor-lightbox-slideshow=\"4e9397a\" data-elementor-lightbox-title=\"bg07\" data-e-action-hash=\"#elementor-action%3Aaction%3Dlightbox%26settings%3DeyJpZCI6ODEsInVybCI6Imh0dHBzOlwvXC9hbGNtZWRpY2FtZW50b3MuY29tLmJyXC93cC1jb250ZW50XC91cGxvYWRzXC8yMDI0XC8wMlwvYmcwNy5qcGciLCJzbGlkZXNob3ciOiI0ZTkzOTdhIn0%3D\" href='https:\/\/alcmedicamentos.com.br\/wp-content\/uploads\/2024\/02\/bg07.jpg'><img loading=\"lazy\" decoding=\"async\" width=\"150\" height=\"150\" src=\"https:\/\/alcmedicamentos.com.br\/wp-content\/uploads\/2024\/02\/bg07.jpg\" class=\"attachment-thumbnail size-thumbnail\" alt=\"\" \/><\/a>\n\t\t\t<\/div><\/figure><figure class='gallery-item'>\n\t\t\t<div class='gallery-icon landscape'>\n\t\t\t\t<a data-elementor-open-lightbox=\"yes\" data-elementor-lightbox-slideshow=\"4e9397a\" data-elementor-lightbox-title=\"duom\" data-e-action-hash=\"#elementor-action%3Aaction%3Dlightbox%26settings%3DeyJpZCI6ODMsInVybCI6Imh0dHBzOlwvXC9hbGNtZWRpY2FtZW50b3MuY29tLmJyXC93cC1jb250ZW50XC91cGxvYWRzXC8yMDI0XC8wMlwvZHVvbS5qcGciLCJzbGlkZXNob3ciOiI0ZTkzOTdhIn0%3D\" href='https:\/\/alcmedicamentos.com.br\/wp-content\/uploads\/2024\/02\/duom.jpg'><img loading=\"lazy\" decoding=\"async\" width=\"150\" height=\"150\" src=\"https:\/\/alcmedicamentos.com.br\/wp-content\/uploads\/2024\/02\/duom.jpg\" class=\"attachment-thumbnail size-thumbnail\" alt=\"\" \/><\/a>\n\t\t\t<\/div><\/figure>\n\t\t<\/div>\n\t\t<\/div>\n\t\t\t\t\t\t<\/div>\n\t\t\t\t<\/div>\n\t\t\t\t<\/div>\n\t\t\t\t\t<\/div>\n\t\t\t\t<\/div>\n\t\t<div class=\"elementor-element elementor-element-b1e0eb6 e-flex e-con-boxed e-con e-parent\" data-id=\"b1e0eb6\" data-element_type=\"container\" data-e-type=\"container\" data-settings=\"{&quot;background_background&quot;:&quot;classic&quot;}\">\n\t\t\t\t\t<div class=\"e-con-inner\">\n\t\t<div class=\"elementor-element elementor-element-523b6eb e-con-full e-flex e-con e-child\" data-id=\"523b6eb\" data-element_type=\"container\" data-e-type=\"container\">\n\t\t\t\t<div class=\"elementor-element elementor-element-9c57204 elementor-widget elementor-widget-heading\" data-id=\"9c57204\" data-element_type=\"widget\" data-e-type=\"widget\" data-widget_type=\"heading.default\">\n\t\t\t\t<div class=\"elementor-widget-container\">\n\t\t\t\t\t<h2 class=\"elementor-heading-title elementor-size-default\">Quem somos<\/h2>\t\t\t\t<\/div>\n\t\t\t\t<\/div>\n\t\t\t\t<div class=\"elementor-element elementor-element-bbd0c25 elementor-widget elementor-widget-heading\" data-id=\"bbd0c25\" data-element_type=\"widget\" data-e-type=\"widget\" data-widget_type=\"heading.default\">\n\t\t\t\t<div class=\"elementor-widget-container\">\n\t\t\t\t\t<h2 class=\"elementor-heading-title elementor-size-default\">Mais de 6 Anos de Excel\u00eancia em Sa\u00fade<\/h2>\t\t\t\t<\/div>\n\t\t\t\t<\/div>\n\t\t\t\t<div class=\"elementor-element elementor-element-7f48de7 elementor-widget elementor-widget-text-editor\" data-id=\"7f48de7\" data-element_type=\"widget\" data-e-type=\"widget\" data-widget_type=\"text-editor.default\">\n\t\t\t\t<div class=\"elementor-widget-container\">\n\t\t\t\t\t\t\t\t\t<p>Com uma equipe dedicada e experiente, estamos empenhados em fornecer produtos e servi\u00e7os que atendam \u00e0s necessidades de nossos clientes<\/p>\t\t\t\t\t\t\t\t<\/div>\n\t\t\t\t<\/div>\n\t\t\t\t<div class=\"elementor-element elementor-element-67c9665 elementor-widget elementor-widget-button\" data-id=\"67c9665\" data-element_type=\"widget\" data-e-type=\"widget\" data-widget_type=\"button.default\">\n\t\t\t\t<div class=\"elementor-widget-container\">\n\t\t\t\t\t\t\t\t\t<div class=\"elementor-button-wrapper\">\n\t\t\t\t\t<a class=\"elementor-button elementor-button-link elementor-size-sm elementor-animation-grow\" href=\"https:\/\/alcmedicamentos.com.br\/index.php\/sobre\/\">\n\t\t\t\t\t\t<span class=\"elementor-button-content-wrapper\">\n\t\t\t\t\t\t\t\t\t<span class=\"elementor-button-text\">Saiba Mais<\/span>\n\t\t\t\t\t<\/span>\n\t\t\t\t\t<\/a>\n\t\t\t\t<\/div>\n\t\t\t\t\t\t\t\t<\/div>\n\t\t\t\t<\/div>\n\t\t\t\t<\/div>\n\t\t<div class=\"elementor-element elementor-element-d4b5fa6 e-con-full e-flex e-con e-child\" data-id=\"d4b5fa6\" data-element_type=\"container\" data-e-type=\"container\">\n\t\t\t\t<\/div>\n\t\t\t\t\t<\/div>\n\t\t\t\t<\/div>\n\t\t<div class=\"elementor-element elementor-element-8f7a976 e-flex e-con-boxed elementor-invisible e-con e-parent\" data-id=\"8f7a976\" data-element_type=\"container\" data-e-type=\"container\" data-settings=\"{&quot;animation&quot;:&quot;fadeInUp&quot;}\">\n\t\t\t\t\t<div class=\"e-con-inner\">\n\t\t<div class=\"elementor-element elementor-element-2b660fd e-con-full e-flex e-con e-child\" data-id=\"2b660fd\" data-element_type=\"container\" data-e-type=\"container\">\n\t\t\t\t<\/div>\n\t\t<div class=\"elementor-element elementor-element-6d143f9 e-con-full e-flex e-con e-child\" data-id=\"6d143f9\" data-element_type=\"container\" data-e-type=\"container\">\n\t\t\t\t<div class=\"elementor-element elementor-element-e273c89 elementor-widget elementor-widget-image\" data-id=\"e273c89\" data-element_type=\"widget\" data-e-type=\"widget\" data-widget_type=\"image.default\">\n\t\t\t\t<div class=\"elementor-widget-container\">\n\t\t\t\t\t\t\t\t\t\t\t\t\t\t\t<img loading=\"lazy\" decoding=\"async\" width=\"800\" height=\"534\" src=\"https:\/\/alcmedicamentos.com.br\/wp-content\/uploads\/2024\/02\/76421.jpg\" class=\"attachment-large size-large wp-image-105\" alt=\"\" \/>\t\t\t\t\t\t\t\t\t\t\t\t\t\t\t<\/div>\n\t\t\t\t<\/div>\n\t\t\t\t<\/div>\n\t\t\t\t\t<\/div>\n\t\t\t\t<\/div>\n\t\t<div class=\"elementor-element elementor-element-b49047b e-flex e-con-boxed e-con e-parent\" data-id=\"b49047b\" data-element_type=\"container\" data-e-type=\"container\">\n\t\t\t\t\t<div class=\"e-con-inner\">\n\t\t\t\t<div class=\"elementor-element elementor-element-12f6645 elementor-widget elementor-widget-heading\" data-id=\"12f6645\" data-element_type=\"widget\" data-e-type=\"widget\" data-widget_type=\"heading.default\">\n\t\t\t\t<div class=\"elementor-widget-container\">\n\t\t\t\t\t<h2 class=\"elementor-heading-title elementor-size-default\">Acompanhe<\/h2>\t\t\t\t<\/div>\n\t\t\t\t<\/div>\n\t\t\t\t<div class=\"elementor-element elementor-element-16532ff elementor-widget elementor-widget-heading\" data-id=\"16532ff\" data-element_type=\"widget\" data-e-type=\"widget\" data-widget_type=\"heading.default\">\n\t\t\t\t<div class=\"elementor-widget-container\">\n\t\t\t\t\t<h2 class=\"elementor-heading-title elementor-size-default\">Nossas Redes Sociais<\/h2>\t\t\t\t<\/div>\n\t\t\t\t<\/div>\n\t\t\t\t<div class=\"elementor-element elementor-element-b351d82 elementor-widget elementor-widget-text-editor\" data-id=\"b351d82\" data-element_type=\"widget\" data-e-type=\"widget\" data-widget_type=\"text-editor.default\">\n\t\t\t\t<div class=\"elementor-widget-container\">\n\t\t\t\t\t\t\t\t\t<p>Conhe\u00e7a mais sobre nossos produtos e fique por dentro de todas as novidades.<\/p>\t\t\t\t\t\t\t\t<\/div>\n\t\t\t\t<\/div>\n\t\t\t\t<div class=\"elementor-element elementor-element-f1c8d9d elementor-icon-list--layout-traditional elementor-list-item-link-full_width elementor-widget elementor-widget-icon-list\" data-id=\"f1c8d9d\" data-element_type=\"widget\" data-e-type=\"widget\" data-widget_type=\"icon-list.default\">\n\t\t\t\t<div class=\"elementor-widget-container\">\n\t\t\t\t\t\t\t<ul class=\"elementor-icon-list-items\">\n\t\t\t\t\t\t\t<li class=\"elementor-icon-list-item\">\n\t\t\t\t\t\t\t\t\t\t\t<a href=\"https:\/\/www.instagram.com\/alcmedicamentosecorrelatos\/\">\n\n\t\t\t\t\t\t\t\t\t\t\t\t<span class=\"elementor-icon-list-icon\">\n\t\t\t\t\t\t\t<svg aria-hidden=\"true\" class=\"e-font-icon-svg e-fab-instagram\" viewBox=\"0 0 448 512\" xmlns=\"http:\/\/www.w3.org\/2000\/svg\"><path d=\"M224.1 141c-63.6 0-114.9 51.3-114.9 114.9s51.3 114.9 114.9 114.9S339 319.5 339 255.9 287.7 141 224.1 141zm0 189.6c-41.1 0-74.7-33.5-74.7-74.7s33.5-74.7 74.7-74.7 74.7 33.5 74.7 74.7-33.6 74.7-74.7 74.7zm146.4-194.3c0 14.9-12 26.8-26.8 26.8-14.9 0-26.8-12-26.8-26.8s12-26.8 26.8-26.8 26.8 12 26.8 26.8zm76.1 27.2c-1.7-35.9-9.9-67.7-36.2-93.9-26.2-26.2-58-34.4-93.9-36.2-37-2.1-147.9-2.1-184.9 0-35.8 1.7-67.6 9.9-93.9 36.1s-34.4 58-36.2 93.9c-2.1 37-2.1 147.9 0 184.9 1.7 35.9 9.9 67.7 36.2 93.9s58 34.4 93.9 36.2c37 2.1 147.9 2.1 184.9 0 35.9-1.7 67.7-9.9 93.9-36.2 26.2-26.2 34.4-58 36.2-93.9 2.1-37 2.1-147.8 0-184.8zM398.8 388c-7.8 19.6-22.9 34.7-42.6 42.6-29.5 11.7-99.5 9-132.1 9s-102.7 2.6-132.1-9c-19.6-7.8-34.7-22.9-42.6-42.6-11.7-29.5-9-99.5-9-132.1s-2.6-102.7 9-132.1c7.8-19.6 22.9-34.7 42.6-42.6 29.5-11.7 99.5-9 132.1-9s102.7-2.6 132.1 9c19.6 7.8 34.7 22.9 42.6 42.6 11.7 29.5 9 99.5 9 132.1s2.7 102.7-9 132.1z\"><\/path><\/svg>\t\t\t\t\t\t<\/span>\n\t\t\t\t\t\t\t\t\t\t<span class=\"elementor-icon-list-text\">AlcMedicamentoseCorrelatos<\/span>\n\t\t\t\t\t\t\t\t\t\t\t<\/a>\n\t\t\t\t\t\t\t\t\t<\/li>\n\t\t\t\t\t\t<\/ul>\n\t\t\t\t\t\t<\/div>\n\t\t\t\t<\/div>\n\t\t\t\t\t<\/div>\n\t\t\t\t<\/div>\n\t\t<div class=\"elementor-element elementor-element-16c7da3 e-flex e-con-boxed e-con e-parent\" data-id=\"16c7da3\" data-element_type=\"container\" data-e-type=\"container\">\n\t\t\t\t\t<div class=\"e-con-inner\">\n\t\t\t\t\t<\/div>\n\t\t\t\t<\/div>\n\t\t\t\t<\/div>\n\t\t","protected":false},"excerpt":{"rendered":"<p>Sua Fonte Confi\u00e1vel de Sa\u00fadeEstamos Comprometidos em Oferecer Solu\u00e7\u00f5es de Sa\u00fade Confi\u00e1veis em Goi\u00e1s e TocantinsFale Conosco A ALC Medicamentos Com mais de 6 anos de experi\u00eancia no mercado, estamos comprometidos em oferecer produtos de qualidade e servi\u00e7os excepcionais para atender \u00e0s necessidades de nossos clientes. Explore nosso site para descobrir como podemos ajud\u00e1-lo a [&hellip;]<\/p>\n","protected":false},"author":1,"featured_media":0,"parent":0,"menu_order":0,"comment_status":"closed","ping_status":"closed","template":"elementor_header_footer","meta":{"footnotes":""},"class_list":["post-10","page","type-page","status-publish","hentry"],"_links":{"self":[{"href":"https:\/\/alcmedicamentos.com.br\/index.php\/wp-json\/wp\/v2\/pages\/10","targetHints":{"allow":["GET"]}}],"collection":[{"href":"https:\/\/alcmedicamentos.com.br\/index.php\/wp-json\/wp\/v2\/pages"}],"about":[{"href":"https:\/\/alcmedicamentos.com.br\/index.php\/wp-json\/wp\/v2\/types\/page"}],"author":[{"embeddable":true,"href":"https:\/\/alcmedicamentos.com.br\/index.php\/wp-json\/wp\/v2\/users\/1"}],"replies":[{"embeddable":true,"href":"https:\/\/alcmedicamentos.com.br\/index.php\/wp-json\/wp\/v2\/comments?post=10"}],"version-history":[{"count":71,"href":"https:\/\/alcmedicamentos.com.br\/index.php\/wp-json\/wp\/v2\/pages\/10\/revisions"}],"predecessor-version":[{"id":182,"href":"https:\/\/alcmedicamentos.com.br\/index.php\/wp-json\/wp\/v2\/pages\/10\/revisions\/182"}],"wp:attachment":[{"href":"https:\/\/alcmedicamentos.com.br\/index.php\/wp-json\/wp\/v2\/media?parent=10"}],"curies":[{"name":"wp","href":"https:\/\/api.w.org\/{rel}","templated":true}]}}